{"id":243,"date":"2018-06-20T07:16:56","date_gmt":"2018-06-20T07:16:56","guid":{"rendered":"https:\/\/zenactiveshop.com\/producto\/pulses-from-organic-farm"},"modified":"2025-03-30T16:38:04","modified_gmt":"2025-03-30T16:38:04","slug":"bandas-elasticas","status":"publish","type":"product","link":"https:\/\/zenactiveshop.com\/?product=bandas-elasticas","title":{"rendered":"Banda el\u00e1stica"},"content":{"rendered":"<p>Son ideales para refuerzo muscular, pilates y rehabilitaci\u00f3n. Con esta sencilla banda podr\u00e1s trabajar todos los grupos musculares de manera sencilla. Biceps, triceps, gl\u00fateos. Material suave y muy resistente.<\/p>\n","protected":false},"excerpt":{"rendered":"<p>Son ideales para refuerzo muscular, pilates y rehabilitaci\u00f3n. Con esta sencilla banda podr\u00e1s trabajar todos los grupos musculares de manera sencilla. Biceps, triceps, gl\u00fateos. Material suave y muy resistente. Precio por unidad.<\/p>\n<p>Fabricadas en l\u00e1tex suave, con unas medidas de 33cmx5cmx0.03mm<\/p>\n","protected":false},"featured_media":5241,"comment_status":"open","ping_status":"closed","template":"","meta":{"_sitemap_exclude":false,"_sitemap_priority":"","_sitemap_frequency":"","site-sidebar-layout":"default","site-content-layout":"default","ast-site-content-layout":"default","site-content-style":"default","site-sidebar-style":"default","ast-global-header-display":"","ast-banner-title-visibility":"","ast-main-header-display":"","ast-hfb-above-header-display":"","ast-hfb-below-header-display":"","ast-hfb-mobile-header-display":"","site-post-title":"","ast-breadcrumbs-content":"","ast-featured-img":"","footer-sml-layout":"","ast-disable-related-posts":"","theme-transparent-header-meta":"default","adv-header-id-meta":"","stick-header-meta":"","header-above-stick-meta":"","header-main-stick-meta":"","header-below-stick-meta":"","astra-migrate-meta-layouts":"default","ast-page-background-enabled":"default","ast-page-background-meta":{"desktop":{"background-color":"","background-image":"","background-repeat":"repeat","background-position":"center center","background-size":"auto","background-attachment":"scroll","background-type":"","background-media":"","overlay-type":"","overlay-color":"","overlay-opacity":"","overlay-gradient":""},"tablet":{"background-color":"","background-image":"","background-repeat":"repeat","background-position":"center center","background-size":"auto","background-attachment":"scroll","background-type":"","background-media":"","overlay-type":"","overlay-color":"","overlay-opacity":"","overlay-gradient":""},"mobile":{"background-color":"","background-image":"","background-repeat":"repeat","background-position":"center center","background-size":"auto","background-attachment":"scroll","background-type":"","background-media":"","overlay-type":"","overlay-color":"","overlay-opacity":"","overlay-gradient":""}},"ast-content-background-meta":{"desktop":{"background-color":"var(--ast-global-color-5)","background-image":"","background-repeat":"repeat","background-position":"center center","background-size":"auto","background-attachment":"scroll","background-type":"","background-media":"","overlay-type":"","overlay-color":"","overlay-opacity":"","overlay-gradient":""},"tablet":{"background-color":"var(--ast-global-color-5)","background-image":"","background-repeat":"repeat","background-position":"center center","background-size":"auto","background-attachment":"scroll","background-type":"","background-media":"","overlay-type":"","overlay-color":"","overlay-opacity":"","overlay-gradient":""},"mobile":{"background-color":"var(--ast-global-color-5)","background-image":"","background-repeat":"repeat","background-position":"center center","background-size":"auto","background-attachment":"scroll","background-type":"","background-media":"","overlay-type":"","overlay-color":"","overlay-opacity":"","overlay-gradient":""}}},"product_brand":[],"product_cat":[20],"product_tag":[],"class_list":{"0":"post-243","1":"product","2":"type-product","3":"status-publish","4":"has-post-thumbnail","6":"product_cat-productosdefitess","7":"desktop-align-left","8":"tablet-align-left","9":"mobile-align-left","11":"first","12":"instock","13":"featured","14":"taxable","15":"shipping-taxable","16":"purchasable","17":"product-type-simple"},"jetpack_sharing_enabled":true,"_links":{"self":[{"href":"https:\/\/zenactiveshop.com\/index.php?rest_route=\/wp\/v2\/product\/243","targetHints":{"allow":["GET"]}}],"collection":[{"href":"https:\/\/zenactiveshop.com\/index.php?rest_route=\/wp\/v2\/product"}],"about":[{"href":"https:\/\/zenactiveshop.com\/index.php?rest_route=\/wp\/v2\/types\/product"}],"replies":[{"embeddable":true,"href":"https:\/\/zenactiveshop.com\/index.php?rest_route=%2Fwp%2Fv2%2Fcomments&post=243"}],"wp:featuredmedia":[{"embeddable":true,"href":"https:\/\/zenactiveshop.com\/index.php?rest_route=\/wp\/v2\/media\/5241"}],"wp:attachment":[{"href":"https:\/\/zenactiveshop.com\/index.php?rest_route=%2Fwp%2Fv2%2Fmedia&parent=243"}],"wp:term":[{"taxonomy":"product_brand","embeddable":true,"href":"https:\/\/zenactiveshop.com\/index.php?rest_route=%2Fwp%2Fv2%2Fproduct_brand&post=243"},{"taxonomy":"product_cat","embeddable":true,"href":"https:\/\/zenactiveshop.com\/index.php?rest_route=%2Fwp%2Fv2%2Fproduct_cat&post=243"},{"taxonomy":"product_tag","embeddable":true,"href":"https:\/\/zenactiveshop.com\/index.php?rest_route=%2Fwp%2Fv2%2Fproduct_tag&post=243"}],"curies":[{"name":"wp","href":"https:\/\/api.w.org\/{rel}","templated":true}]}}