{"id":3,"date":"2022-01-09T14:52:05","date_gmt":"2022-01-09T14:52:05","guid":{"rendered":"https:\/\/zenactiveshop.live-website.com\/?page_id=3"},"modified":"2023-03-27T08:16:42","modified_gmt":"2023-03-27T08:16:42","slug":"privacy-policy","status":"publish","type":"page","link":"https:\/\/zenactiveshop.com\/?page_id=3","title":{"rendered":"Pol\u00edtica de Privacidad"},"content":{"rendered":"<style>.wp-block-kadence-advancedheading.kt-adv-heading_5d9dc3-eb, .wp-block-kadence-advancedheading.kt-adv-heading_5d9dc3-eb[data-kb-block=\"kb-adv-heading_5d9dc3-eb\"]{font-style:normal;}.wp-block-kadence-advancedheading.kt-adv-heading_5d9dc3-eb mark.kt-highlight, .wp-block-kadence-advancedheading.kt-adv-heading_5d9dc3-eb[data-kb-block=\"kb-adv-heading_5d9dc3-eb\"] mark.kt-highlight{font-style:normal;color:#f76a0c;-webkit-box-decoration-break:clone;box-decoration-break:clone;padding-top:0px;padding-right:0px;padding-bottom:0px;padding-left:0px;}.wp-block-kadence-advancedheading.kt-adv-heading_5d9dc3-eb img.kb-inline-image, .wp-block-kadence-advancedheading.kt-adv-heading_5d9dc3-eb[data-kb-block=\"kb-adv-heading_5d9dc3-eb\"] img.kb-inline-image{width:150px;vertical-align:baseline;}<\/style>\n<h2 class=\"kt-adv-heading_5d9dc3-eb wp-block-kadence-advancedheading\" data-kb-block=\"kb-adv-heading_5d9dc3-eb\"><strong>Aviso Legal<br><\/strong>Datos Identificativos del Titular de la P\u00e1gina Web:<\/h2>\n\n\n\n<p>De conformidad con la Ley 34\/2002, del 11 de julio, de Servicios de la Sociedad de la Informaci\u00f3n y Comercio Electr\u00f3nico (LSSICE).<\/p>\n\n\n\n<p>Obligaciones de informaci\u00f3n general establecidas en el art\u00edculo 10 de la LSSI.<\/p>\n\n\n\n<p>La presente pol\u00edtica de protecci\u00f3n de datos regula el acceso y el uso del sitio Web https:\/\/zenactiveshop.com\/ propiedad de:<\/p>\n\n\n\n<p>Nombre Comercial: ZEN ACTIVE<\/p>\n\n\n\n<p>Raz\u00f3n Social: FRANCISCO JOSE NOTARIO ANDREU<\/p>\n\n\n\n<p>CIF: 30964730Z<\/p>\n\n\n\n<p>Direcci\u00f3n postal: TRAVES\u00cdA DE ARTEIXO 273 BAJO CP15142-ARTEIXO<\/p>\n\n\n\n<p>E-mail de contacto: zenactive@zenactiveshop.com<\/p>\n\n\n\n<p>Pol\u00edtica de Protecci\u00f3n de Datos:<\/p>\n\n\n\n<p>LEGISLACI\u00d3N. En cumplimiento del Art\u00edculo 12 del Reglamento Europeo de Protecci\u00f3n de Datos, relativo a la transparencia de la informaci\u00f3n, comunicaci\u00f3n y modalidades de ejercicio de los derechos del interesado y del Art\u00edculo 13 relativo a la informaci\u00f3n que deber\u00e1 facilitarse cuando los datos personales se obtengan del interesado.<\/p>\n\n\n\n<p>RESPONSABLE DEL TRATAMIENTO. El mismo que el titular de la web.<\/p>\n\n\n\n<p>FINALIDAD DEL TRATAMIENTO. La finalidad del tratamiento es la de atender a las solicitudes de suscripci\u00f3n a nuestros eventos, las solicitudes informaci\u00f3n o contacto recibidas, as\u00ed como mantenerle informado de nuestros productos y servicios, actuales o futuros y\/o gestionar las solicitudes de compra de nuestros productos.<\/p>\n\n\n\n<p>LEGITIMIZACI\u00d3N. Le informamos de que la base legal para el tratamiento de sus datos es la de poder atender su solicitud de contacto, de suscripci\u00f3n y\/o de compra de nuestros productos. El interesado da su consentimiento al cumplimentar el formulario y enviarnos sus datos.<\/p>\n\n\n\n<p>CONSERVACI\u00d3N DE LOS DATOS. Los datos proporcionados para llevar a cabo la facturaci\u00f3n de nuestros servicios se conservar\u00e1n durante los plazos legalmente establecidos, los datos de contacto y aquellos proporcionados para realizar la entrega de los productos se conservar\u00e1n durante un plazo no superior a 1 a\u00f1o desde el \u00faltimo contacto, los remitidos por medio de nuestro formulario de contacto se conservar\u00e1n durante el tiempo necesario para resolver sus consultas y los datos facilitados para la suscripci\u00f3n a nuestros eventos mientras no solicite la baja de nuestros servicios.<\/p>\n\n\n\n<p>CESIONES DE DATOS. Los datos no se ceder\u00e1n a terceros salvo en los casos en que exista una obligaci\u00f3n legal.<\/p>\n\n\n\n<p>DERECHOS DEL INTERESADO. Tendr\u00e1 derecho a acceder a sus datos personales, as\u00ed como a solicitar la rectificaci\u00f3n de los datos inexactos o, en su caso, solicitar su supresi\u00f3n cuando, entre otros motivos, los datos ya no sean necesarios para los fines que fueron recogidos. Podr\u00e1 solicitar la limitaci\u00f3n u oposici\u00f3n del tratamiento de sus datos, en cuyo caso \u00fanicamente los conservaremos para cumplir con las obligaciones legalmente establecidas.<\/p>\n\n\n\n<p>DERECHO A NO SER OBJETO DE DECISIONES INDIVIDUALES AUTOMATIZADAS, INCLUIDA LA ELABORACI\u00d3N DE PERFILES. No se realizan sobre el usuario decisiones individuales automatizadas ni se elaboran perfiles que produzcan efectos jur\u00eddicos o le afecten significativamente de modo similar.<\/p>\n\n\n\n<p>D\u00d3NDE EJERCER LOS DERECHOS. Para el ejercicio de sus derechos debe enviar un correo electr\u00f3nico a zenactive@zenactiveshop.com indicando por escrito su petici\u00f3n y adjuntando fotocopia de su DNI.<\/p>\n\n\n\n<p>MEDIDAS DE SEGURIDAD. Teniendo en cuenta el estado de la t\u00e9cnica, los costes de aplicaci\u00f3n, y la naturaleza, el alcance, el contexto y los fines del tratamiento, as\u00ed como riesgos de probabilidad y gravedad variables para los derechos y libertades de las personas f\u00edsicas, FRANCISCO JOSE NOTARIO ANDREU aplica las medidas t\u00e9cnicas y organizativas apropiadas para garantizar un nivel de seguridad adecuado al riesgo.<\/p>\n\n\n\n<p>TRATAMIENTO BASADO EN EL CONSENTIMIENTO DEL AFECTADO. A trav\u00e9s de esta p\u00e1gina web no se recoge ning\u00fan dato personal sin su consentimiento.<\/p>\n\n\n\n<p>DEBER DE CONFIDENCIALIDAD. De conformidad con el art\u00edculo 5.1 f) del Reglamento (UE) 2016\/679 FRANCISCO JOSE NOTARIO ANDREU se compromete a tratar de forma absolutamente confidencial sus datos de car\u00e1cter personal y a utilizarlos s\u00f3lo para las finalidades indicadas.<\/p>\n\n\n\n<p>INEXACTITUD DE LOS DATOS OBTENIDOS DIRECTAMENTE DEL AFECTADO. A los efectos previstos en el art\u00edculo 5.1 d) del Reglamento (UE) 2016\/679, no ser\u00e1n imputables al responsable del tratamiento los datos personales que sean inexactos con respecto a los fines para los que se tratan, si usted no ha ejercitado su derecho de rectificaci\u00f3n.<\/p>\n\n\n\n<p>DERECHO A RECLAMAR. En el caso de que no est\u00e9 conforme con el tratamiento de sus datos podr\u00e1 dirigir sus reclamaciones ante la Agencia Espa\u00f1ola de Protecci\u00f3n de Datos, C\/ Jorge Juan, 6 \u2013 28001 Madrid<\/p>\n\n\n\n<p>Legislaci\u00f3n aplicable<\/p>\n\n\n\n<p>El presente Aviso Legal se regir\u00e1 por lo dispuesto en la legislaci\u00f3n espa\u00f1ola someti\u00e9ndose a la jurisdicci\u00f3n de los Juzgados y Tribunales del domicilio del titular de la web.<\/p>\n\n\n\n<p>Condiciones de Uso<\/p>\n\n\n\n<p>Este Sitio Web contiene textos elaborados con fines meramente informativos o divulgativos, que pueden no reflejar el estado actual de la legislaci\u00f3n o la jurisprudencia, y que se refieren a situaciones generales, por lo que su contenido no debe ser aplicado necesariamente por el usuario a casos concretos.<\/p>\n\n\n\n<p>En esta web se detallan los servicios ofrecidos por \u201cZen Active\u201d. Su uso implica la aceptaci\u00f3n de las siguientes condiciones, declinando realizar cualquier reclamaci\u00f3n sobre las mismas:<\/p>\n\n\n\n<p>a) El uso de esta web est\u00e1 dirigido a personas mayores de edad.<\/p>\n\n\n\n<p>b) \u201cZen Active\u201d podr\u00e1 modificar el contenido de la web, sus servicios, tarifas, garant\u00edas, etc., en cualquier momento y sin previo aviso.<\/p>\n\n\n\n<p>c) \u201cZen Active\u201d puede poner a disposici\u00f3n del usuario enlaces u otros elementos que permiten el acceso hacia otros sitios web pertenecientes a terceros. No comercializamos los productos y servicios de dichas p\u00e1ginas enlazadas, ni asumimos ning\u00fan tipo de responsabilidad sobre las mismas, ni sobre la informaci\u00f3n contenida en ellas, ni su veracidad o licitud, ni de cualesquiera efectos que pudieran derivarse.<br>En todo caso, \u201cZen Active\u201d manifiesta que proceder\u00e1 a la retirada inmediata de cualquier contenido que pudiera contravenir la legislaci\u00f3n nacional o internacional, la moral o el orden p\u00fablico, procediendo a la retirada inmediata de la redirecci\u00f3n a dicho sitio web,<br>poniendo en conocimiento de las autoridades competentes el contenido en cuesti\u00f3n.<\/p>\n\n\n\n<p>d) Los precios indicados en la web, de haberlos, ser\u00e1n v\u00e1lidos salvo error tipogr\u00e1fico, y susceptibles de cambios sin previo aviso.<\/p>\n\n\n\n<p>e) No es necesario registrarse en la web, ni facilitar ning\u00fan tipo de dato personal, para navegar por la misma.<\/p>\n\n\n\n<p>f) \u201cZen Active\u201d no puede garantizar el funcionamiento ininterrumpido o totalmente libre de errores de esta web. Por tanto, no nos hacemos responsables de ning\u00fan da\u00f1o causado por el uso de este sitio.<\/p>\n\n\n\n<p>g) \u201cZen Active\u201d ofrece sus servicios y productos de manera indefinida, pudiendo, no obstante, suspender la prestaci\u00f3n de los mismos, unilateralmente y sin previo aviso.<\/p>\n\n\n\n<p>h) \u201cZen Active\u201d no se har\u00e1 responsable de los da\u00f1os y perjuicios, propios o a terceros, producidos por un mal uso de esta web por parte del cliente.<\/p>\n\n\n\n<p>i) El usuario se compromete a no utilizar esta web ni los servicios ofrecidos en ella para la realizaci\u00f3n de actividades contrarias a la ley, al orden p\u00fablico o a estas condiciones.<\/p>\n\n\n\n<p>j) \u201cZen Active\u201d no se responsabiliza de los virus que tengan su origen en una transmisi\u00f3n telem\u00e1tica infiltrados por terceros generados con la finalidad de obtener resultados negativos para un sistema inform\u00e1tico.<\/p>\n\n\n\n<p>k) \u201cZen Active\u201d no se hace responsable de la informaci\u00f3n y contenidos almacenados, a t\u00edtulo enunciativo pero no limitativo, en foros, chat\u00b4s, generadores de blogs, comentarios, redes sociales o cualesquiera otro medio que permita a terceros publicar contenidos de forma independiente en la p\u00e1gina web del prestador. No obstante y en cumplimiento de lo dispuesto en el art. 11 y 16 de la LSSI-CE, \u201cZen Active\u201d se pone a disposici\u00f3n de todos los usuarios, autoridades y fuerzas de seguridad,<br>y colaborando de forma activa en la retirada o en su caso bloqueo de todos aquellos contenidos que pudieran afectar o contravenir la legislaci\u00f3n nacional, o internacional, derechos de terceros o la moral y el orden p\u00fablico. En caso de que el usuario considere que existe en el sitio web alg\u00fan contenido que pudiera ser susceptible de esta clasificaci\u00f3n, se ruega lo notifique de forma inmediata al administrador del sitio web.<\/p>\n\n\n\n<p>l) Este sitio web ha sido revisado y probado para que funcione correctamente. En principio, puede garantizarse el correcto funcionamiento los 365 d\u00edas del a\u00f1o, 24 horas al d\u00eda. No obstante, \u201cZen Active\u201d no descarta la posibilidad de que existan ciertos errores de programaci\u00f3n, o que acontezcan causas de fuerza mayor, cat\u00e1strofes naturales, huelgas, o circunstancias semejantes que hagan imposible el acceso a la p\u00e1gina web.<\/p>\n\n\n\n<p>m) Las opiniones vertidas en los mismos no reflejan necesariamente los puntos de vista de \u201cZen Active\u201d. El contenido de los art\u00edculos publicados en este Sitio Web no puede ser considerado, en ning\u00fan caso, sustitutivo de asesoramiento legal. El usuario no debe actuar sobre la base de la informaci\u00f3n contenida en este Sitio Web sin recurrir previamente al correspondiente asesoramiento profesional.<\/p>\n\n\n\n<p>En definitiva, el usuario es el \u00fanico responsable del uso que realice de los servicios, contenidos y enlaces incluidos esta web.<\/p>\n\n\n\n<p>Pol\u00edtica De Cookies<\/p>\n\n\n\n<p>Uso de cookies en la web<\/p>\n\n\n\n<p>En cumplimiento de la Ley 34\/2002, de 11 de julio, de Servicios de la Sociedad de la Informaci\u00f3n y Comercio Electr\u00f3nico le informamos de la utilizaci\u00f3n de cookies en las webs y aplicaciones de \u201cZen Active\u201d, con el fin de facilitar y mejorar la navegaci\u00f3n a los usuarios, recordando por donde naveg\u00f3 en el sitio web, las preferencias y configuraciones de visualizaci\u00f3n, y ofreciendo a cada usuario informaci\u00f3n que puede ser de su inter\u00e9s.<\/p>\n\n\n\n<p>\u00bfQu\u00e9 son las cookies?<\/p>\n\n\n\n<p>Una cookie es un fichero que se descarga en su ordenador o el dispositivo que utilice (Smartphone, tableta, televisi\u00f3n conectada\u2026.) al acceder a determinadas p\u00e1ginas web o aplicaciones. Las cookies permiten, entre otras cosas, recopilar informaci\u00f3n estad\u00edstica, facilitar ciertas funcionalidades t\u00e9cnicas, almacenar y recuperar informaci\u00f3n sobre los h\u00e1bitos de navegaci\u00f3n o preferencias de un usuario o de su equipo y, dependiendo de la informaci\u00f3n que contengan y de la forma en que utilice su equipo,<br>pueden utilizarse para reconocer al usuario. Una cookie se almacena en un ordenador con el fin de identificar al navegador mientras interacciona con nuestras webs o aplicaciones. Un sitio web puede establecer una cookie en el navegador si las preferencias de \u00e9ste lo permiten. Un navegador s\u00f3lo permite que un sitio web acceda a las cookies que \u00e9ste establece, no a las que establecen otros sitios Web.<\/p>\n\n\n\n<p>\u00bfPor qu\u00e9 las cookies son importantes?<\/p>\n\n\n\n<p>\u201cZen Active\u201c utiliza estas cookies por motivos operativos (por ejemplo, cookies de sesi\u00f3n), y por facilidad de uso, para hacer m\u00e1s f\u00e1cil y amigable la navegaci\u00f3n en la web, por ejemplo, recordar aspectos del usuario como su idioma, pa\u00eds, navegador, etc\u2026 Determinadas cookies son fundamentales para que pueda utilizar nuestros servicios.<\/p>\n\n\n\n<p>Tipos de cookies<\/p>\n\n\n\n<p>Cookies T\u00e9cnicas: para ayudar a mejorar la calidad de nuestro servicio, incluyendo almacenar preferencias del usuario, los resultados de b\u00fasqueda, as\u00ed como rastrear tendencias de usuario.<\/p>\n\n\n\n<p>Cookies estad\u00edsticas: recogen informaci\u00f3n sobre fecha de visita, la URL y el t\u00edtulo de la p\u00e1gina web visitada. Los informes generados con esta informaci\u00f3n ser\u00e1n meramente estad\u00edsticos dando informaci\u00f3n sobre el comportamiento de navegaci\u00f3n de forma an\u00f3nima.<\/p>\n\n\n\n<p>Cookies de sesi\u00f3n: guardan informaci\u00f3n del tipo de usuario, guardando el nick de usuario para evitar introducirlo p\u00e1gina a p\u00e1gina, tambi\u00e9n se guarda informaci\u00f3n encriptada e informaci\u00f3n sobre los favoritos del usuario.<\/p>\n\n\n\n<p>Cookies Anal\u00edticas: son utilizadas para realizar el seguimiento sobre el motor de b\u00fasqueda desde el que se ha visitado la web y qu\u00e9 t\u00e9rminos de b\u00fasqueda se utilizaron para encontrarlo, calculan el tiempo pasado en la web en cada sesi\u00f3n y el n\u00famero de veces que el usuario ha visitado la p\u00e1gina.<\/p>\n\n\n\n<p>En esta web se utilizan las siguientes cookies:<\/p>\n\n\n\n<p>-Cookies Propias<\/p>\n\n\n\n<p>Cookie<\/p>\n\n\n\n<p>Nombre<\/p>\n\n\n\n<p>Prop\u00f3sito<\/p>\n\n\n\n<p>T\u00e9cnica<\/p>\n\n\n\n<p>tk_lr, tk_or, tk_r3d, tk_rl, tk_ro, tk_tc<\/p>\n\n\n\n<p>Colecci\u00f3n de m\u00e9tricas internas para la actividad del usuario, utilizada para mejorar la experiencia en la web.<\/p>\n\n\n\n<p>Tipos de cookies por vencimiento<\/p>\n\n\n\n<p>Las Cookies utilizadas en \u201cZen Active\u201d son persistentes, es decir, quedan permanentemente instaladas en su navegador y son activadas cada vez que visite el site, siempre y cuando no se desactive su uso.<\/p>\n\n\n\n<p>Configuraci\u00f3n de cookies<\/p>\n\n\n\n<p>Para conocer la forma en la que configurar la gesti\u00f3n de cookies en su navegador puede consultar los siguientes links de los principales navegadores y dispositivos:<\/p>\n\n\n\n<p>-Para Internet Explorer\u2122 -Para Safari\u2122 -Para Chrome\u2122 -Para Firefox\u2122 -Para Opera\u2122 -Para Edge\u2122<\/p>\n\n\n\n<p>Aceptaci\u00f3n de cookies<\/p>\n\n\n\n<p>Al acceder a este sitio web o aplicaci\u00f3n por primera vez, ver\u00e1 una ventana d\u00f3nde se le informa de la utilizaci\u00f3n de las cookies y donde puede consultar esta \u201cPol\u00edtica de cookies\u201d. Si usted consiente la utilizaci\u00f3n de cookies, contin\u00faa navegando o hace clic en alg\u00fan link se entender\u00e1 que usted ha consentido nuestra pol\u00edtica de cookies y por tanto la instalaci\u00f3n de las mismas en su equipo o dispositivo.<\/p>\n\n\n\n<p>Si usted quiere, puede cambiar la configuraci\u00f3n de cookies en cualquier momento, configurando su navegador para aceptar, o no, las cookies que recibe o para que el navegador le avise cuando un servidor quiera guardar una cookie. Le informamos que en el caso de bloquear o no aceptar la instalaci\u00f3n de cookies, es posible que ciertos servicios no est\u00e9n disponibles sin la utilizaci\u00f3n de \u00e9stas o que no pueda acceder a determinados servicios ni tampoco aprovechar por completo todo lo que nuestras webs y aplicaciones le ofrecen.<\/p>\n\n\n\n<p>\u201cZen Active\u201d le agradece que consienta la aceptaci\u00f3n de cookies, esto nos ayuda a obtener datos m\u00e1s precisos que nos permiten mejorar el contenido y el dise\u00f1o de nuestras p\u00e1ginas webs y aplicaciones para adaptarlas a sus preferencias.<\/p>\n","protected":false},"excerpt":{"rendered":"<p>Aviso LegalDatos Identificativos del Titular de la P\u00e1gina Web: De conformidad con la Ley 34\/2002, del 11 de julio, de Servicios de la Sociedad de la Informaci\u00f3n y Comercio Electr\u00f3nico (LSSICE). Obligaciones de informaci\u00f3n general establecidas en el art\u00edculo 10 de la LSSI. La presente pol\u00edtica de protecci\u00f3n de datos regula el acceso y el [&hellip;]<\/p>\n","protected":false},"author":1,"featured_media":0,"parent":0,"menu_order":0,"comment_status":"closed","ping_status":"closed","template":"","meta":{"_sitemap_exclude":false,"_sitemap_priority":"","_sitemap_frequency":"","site-sidebar-layout":"default","site-content-layout":"","ast-site-content-layout":"default","site-content-style":"default","site-sidebar-style":"default","ast-global-header-display":"","ast-banner-title-visibility":"","ast-main-header-display":"","ast-hfb-above-header-display":"","ast-hfb-below-header-display":"","ast-hfb-mobile-header-display":"","site-post-title":"","ast-breadcrumbs-content":"","ast-featured-img":"","footer-sml-layout":"","ast-disable-related-posts":"","theme-transparent-header-meta":"","adv-header-id-meta":"","stick-header-meta":"","header-above-stick-meta":"","header-main-stick-meta":"","header-below-stick-meta":"","astra-migrate-meta-layouts":"default","ast-page-background-enabled":"default","ast-page-background-meta":{"desktop":{"background-color":"","background-image":"","background-repeat":"repeat","background-position":"center center","background-size":"auto","background-attachment":"scroll","background-type":"","background-media":"","overlay-type":"","overlay-color":"","overlay-opacity":"","overlay-gradient":""},"tablet":{"background-color":"","background-image":"","background-repeat":"repeat","background-position":"center center","background-size":"auto","background-attachment":"scroll","background-type":"","background-media":"","overlay-type":"","overlay-color":"","overlay-opacity":"","overlay-gradient":""},"mobile":{"background-color":"","background-image":"","background-repeat":"repeat","background-position":"center center","background-size":"auto","background-attachment":"scroll","background-type":"","background-media":"","overlay-type":"","overlay-color":"","overlay-opacity":"","overlay-gradient":""}},"ast-content-background-meta":{"desktop":{"background-color":"var(--ast-global-color-5)","background-image":"","background-repeat":"repeat","background-position":"center center","background-size":"auto","background-attachment":"scroll","background-type":"","background-media":"","overlay-type":"","overlay-color":"","overlay-opacity":"","overlay-gradient":""},"tablet":{"background-color":"var(--ast-global-color-5)","background-image":"","background-repeat":"repeat","background-position":"center center","background-size":"auto","background-attachment":"scroll","background-type":"","background-media":"","overlay-type":"","overlay-color":"","overlay-opacity":"","overlay-gradient":""},"mobile":{"background-color":"var(--ast-global-color-5)","background-image":"","background-repeat":"repeat","background-position":"center center","background-size":"auto","background-attachment":"scroll","background-type":"","background-media":"","overlay-type":"","overlay-color":"","overlay-opacity":"","overlay-gradient":""}},"footnotes":""},"class_list":["post-3","page","type-page","status-publish","hentry"],"jetpack_sharing_enabled":true,"_links":{"self":[{"href":"https:\/\/zenactiveshop.com\/index.php?rest_route=\/wp\/v2\/pages\/3","targetHints":{"allow":["GET"]}}],"collection":[{"href":"https:\/\/zenactiveshop.com\/index.php?rest_route=\/wp\/v2\/pages"}],"about":[{"href":"https:\/\/zenactiveshop.com\/index.php?rest_route=\/wp\/v2\/types\/page"}],"author":[{"embeddable":true,"href":"https:\/\/zenactiveshop.com\/index.php?rest_route=\/wp\/v2\/users\/1"}],"replies":[{"embeddable":true,"href":"https:\/\/zenactiveshop.com\/index.php?rest_route=%2Fwp%2Fv2%2Fcomments&post=3"}],"version-history":[{"count":5,"href":"https:\/\/zenactiveshop.com\/index.php?rest_route=\/wp\/v2\/pages\/3\/revisions"}],"predecessor-version":[{"id":5425,"href":"https:\/\/zenactiveshop.com\/index.php?rest_route=\/wp\/v2\/pages\/3\/revisions\/5425"}],"wp:attachment":[{"href":"https:\/\/zenactiveshop.com\/index.php?rest_route=%2Fwp%2Fv2%2Fmedia&parent=3"}],"curies":[{"name":"wp","href":"https:\/\/api.w.org\/{rel}","templated":true}]}}